{"id":84,"date":"2013-07-09T18:08:08","date_gmt":"2013-07-09T18:08:08","guid":{"rendered":"http:\/\/www.larsoncalculus.com\/etf6\/?p=84"},"modified":"2013-07-11T13:02:58","modified_gmt":"2013-07-11T13:02:58","slug":"galois-evariste","status":"publish","type":"page","link":"https:\/\/www.larsoncalculus.com\/etf6\/content\/biographies\/galois-evariste\/","title":{"rendered":"Galois, Evariste"},"content":{"rendered":"<h1>Evariste Galois<\/h1>\r\n<p>(1811 &#8211; 1832)<\/p>\r\n\r\n<p>An examination of the lives of most prominent mathematicians of the eighteenth century reveals their generally quiet, conventional natures. In sharp contrast is the history of Evariste Galois. Brimming with political intrigue, rampant paranoia, imprisonment, and failed romance, Galois\u2019s twenty years of life were as astonishingly productive as they were chaotic.<\/p>\r\n\r\n<p>Born on October 25, 1811 in Bourg-la-Reine, a Parisian suburb, Galois was the son of Nicholas-Gabriel Galois and his wife, Adela\u00efde-Marie Demante. Evariste\u2019s father was a charming, witty politician who served as mayor of Bourg-la-Reine and headed the town\u2019s liberal, anti-royalist party. Evariste\u2019s mother was a classicist who taught him at home until he reached the age of twelve. She imparted to her son her knowledge of Greek and Latin, as well as her fervent love of liberty and her mistrust of organized religion.<\/p>\r\n\r\n<p>In 1823, Galois was enrolled in the Coll\u00e8ge Royal de Louis-le-Grand, housed in a stark gray building with massive gates and barred windows. The boy\u2019s initial impression, that the school more closely resembled a prison than a place of learning, was reinforced by the rigid discipline that reigned within. Galois&#8217;s liberal political convictions were strengthened by continued exposure to the school\u2019s relentlessly conservative, royalist administration.<\/p>\r\n\r\n<p>Galois was introduced to algebra during his fourth year at school. Impatient with the standard elementary texts, he turned instead to the original works of Legendre and Lagrange. By the age of sixteen, Galois recognized his genius as a mathematician.<\/p>\r\n\r\n<p>Galois\u2019s appreciation of his remarkable abilities led him to focus his attention almost exclusively on mathematics. He so neglected his study of the humanities that his teachers termed him \u201cdissipated\u201d and \u201cbizarre.\u201d Ignoring his instructors\u2019 demands that he apply himself to subjects he considered trivial, Galois decided to apply for early admission to the famed \u00c8cole Polytechnique. Apparently his preparation for the entrance exam was inadequate, for Galois was refused permission to matriculate. He reluctantly returned to Louis-le-Grand for yet another dismal year. When Galois was seventeen, he began to expand on the work of Lagrange with respect to the theory of equations, tackling difficult questions that had baffled many generations of mathematicians. Galois\u2019s method of solving these problems led to an even more significant discovery: the theory of groups. Galois prepared a manuscript for the French Academy of Sciences in which he elucidated his research. The paper was assigned to the eminent mathematician Augustin Louis Cauchy for review. Apparently Cauchy misplaced the manuscript, just as he had previously lost one of Abel\u2019s. Galois then submitted a second paper, which also disappeared. Galois began to see himself as persecuted by the established scientific community.<\/p>\r\n\r\n<p>Nevertheless, Galois still hoped to pass the exam that would grant him admission to the \u00c8cole Polytechnique. Since a candidate could take the test only twice, this second attemptwas crucial. Unfortunately, just before the test was to be administered, in the summer of 1829, Galois\u2019s father committed suicide. Royalist forces in the town of Bourg-la-Reine had implicated the liberal Nicholas-Gabriel Galois in a crime of which he was entirely innocent; the elder Galois was unable to bear the resulting scandal. So grieved and distracted was Evariste Galois, that he failed the test a second time. These tragedies fueled Galois\u2019s burning hatred of the conservative French hierarchy then in power.<\/p>\r\n\r\n<p>In November 1829, Galois reluctantly enrolled in the less prestigious \u00c8cole Pr\u00e9paratoire, which ironically was housed in the same Parisian building as his previous school, the hated Louisle-Grand. Galois\u2019s burgeoning anger and frustration exploded in a furious article published in the Gazette des \u00e9coles, in which he blasted the \u00c8cole Pr\u00e9paratorie\u2019s conservative director. On December 8, 1830, Galois was expelled. He went home to live with his widowed mother, but his behavior was so erratic and disturbing that she fled, apparently in fear for her life.<\/p>\r\n\r\n<p>Galois divided his time between the study of mathematics and the dissemination of republican propaganda. His political activities led to his arrest in May, 1831 for a crime of which he was soon acquitted and in July, 1831 for an act of defiance against the crown for which he spent eight months in prison. Just after his release in March 1832, Galois met St\u00e9phanie-F\u00e9licie Poterin du Motel. It was apparently his relationship with her that led to his death.<\/p>\r\n\r\n<p>Little is known of Galois\u2019s affair with du Motel, except that for a short time they were lovers. They quarreled, then parted. Soon thereafter, Galois was challenged to a duel by two young men who, like him, were liberals. In a letter written just before his death, Galois confided to a friend, \u201cI die the victim of an infamous coquette and her two dupes.\u201d Why there was a duel at all is uncertain; nevertheless, Galois believed he had no choice but to accept the challenge, though he felt certain he would not survive.<\/p>\r\n\r\n<p>Galois spent the night before his death editing the memoirs in which he revealed his most recent discoveries in analysis, including the algebraic solution of equations. He begged his friend Auguste Chevalier, to whom his papers were sent, to bring Galois\u2019s work to the attention of the mathematicians Gauss and Jacobi. Galois expressed the fervent hope that one of these great men would agree to sort through the \u201cmess\u201d in his manuscripts, thus granting him some measure of immortality.<\/p>\r\n\r\n<p>With the rising of the sun on the morning of May 30, 1832, Galois left his room and trudged to the appointed site on the banks of a nearby pond. There he was met by his adversary, probably Pescheux d\u2019Herbinville, a fellow republican. D\u2019Herbinville shot Galois once, in the abdomen. Galois\u2019s pistol was never fired.<\/p>\r\n\r\n<p>Galois died at about 10:00 a.m. the next morning, at the age of twenty. The publication of his manuscript a few years later ensured that he did not live in vain.<\/p>\r\n\r\n<h3>Links<\/h3>\r\n<p>\r\n<a href=\"http:\/\/www-history.mcs.st-andrews.ac.uk\/Biographies\/Galois.html\" target=\"_blank\">http:\/\/www-history.mcs.st-andrews.ac.uk\/Biographies\/Galois.html<\/a>\r\n<br\/>\r\n<a href=\"http:\/\/scienceworld.wolfram.com\/biography\/Galois.html\" target=\"_blank\">http:\/\/scienceworld.wolfram.com\/biography\/Galois.html<\/a>\r\n<\/p>\r\n\r\n<h3>References<\/h3>\r\n<ul>\r\n<li>Boyer, Carl B. <em>A History of Mathematics<\/em>. 2d ed., rev. Uta C. Merzbach. New York: John Wiley &#038; Sons, Inc., 1991.<\/li>\r\n<li>Gillispie, Charles Coulston, ed. <em>Dictionary of Scientific Biography<\/em>. Vol. V. New York: Charles Scribner\u2019s Sons, 1972.<\/li>\r\n<li>Rothman, Tony. \u201cThe Short Life of Evariste Galois.\u201d In <em>In Scientific Genius and Creativity<\/em>, edited by Owen Gingerich, 50\u201360. New York: W.H. Freeman and Company, 1982.<\/li>\r\n<li>Struik, Dirk J. <em>A Concise History of Mathematics<\/em>. New York: Dover Publications, Inc., 1987.<\/li>\r\n<\/ul>","protected":false},"excerpt":{"rendered":"Evariste Galois (1811 &#8211; 1832) An examination of the lives of most prominent mathematicians of the eighteenth century reveals their generally quiet, conventional natures. In sharp contrast is the history of Evariste Galois. Brimming with political intrigue, rampant paranoia, imprisonment, &hellip; <a href=\"https:\/\/www.larsoncalculus.com\/etf6\/content\/biographies\/galois-evariste\/\">Continue reading <span class=\"meta-nav\">&rarr;<\/span><\/a>","protected":false},"author":1,"featured_media":0,"parent":41,"menu_order":16,"comment_status":"closed","ping_status":"closed","template":"","meta":{"_acf_changed":false,"footnotes":""},"class_list":["post-84","page","type-page","status-publish","hentry"],"acf":[],"_links":{"self":[{"href":"https:\/\/www.larsoncalculus.com\/etf6\/wp-json\/wp\/v2\/pages\/84","targetHints":{"allow":["GET"]}}],"collection":[{"href":"https:\/\/www.larsoncalculus.com\/etf6\/wp-json\/wp\/v2\/pages"}],"about":[{"href":"https:\/\/www.larsoncalculus.com\/etf6\/wp-json\/wp\/v2\/types\/page"}],"author":[{"embeddable":true,"href":"https:\/\/www.larsoncalculus.com\/etf6\/wp-json\/wp\/v2\/users\/1"}],"replies":[{"embeddable":true,"href":"https:\/\/www.larsoncalculus.com\/etf6\/wp-json\/wp\/v2\/comments?post=84"}],"version-history":[{"count":0,"href":"https:\/\/www.larsoncalculus.com\/etf6\/wp-json\/wp\/v2\/pages\/84\/revisions"}],"up":[{"embeddable":true,"href":"https:\/\/www.larsoncalculus.com\/etf6\/wp-json\/wp\/v2\/pages\/41"}],"wp:attachment":[{"href":"https:\/\/www.larsoncalculus.com\/etf6\/wp-json\/wp\/v2\/media?parent=84"}],"curies":[{"name":"wp","href":"https:\/\/api.w.org\/{rel}","templated":true}]}}