{"id":2858,"date":"2013-07-10T19:32:59","date_gmt":"2013-07-10T19:32:59","guid":{"rendered":"http:\/\/www.larsoncalculus.com\/calc10\/?page_id=2858"},"modified":"2013-07-11T13:10:31","modified_gmt":"2013-07-11T13:10:31","slug":"legendre-adrien-marie","status":"publish","type":"page","link":"https:\/\/www.larsoncalculus.com\/calc10\/content\/biographies\/legendre-adrien-marie\/","title":{"rendered":"Legendre, Adrien-Marie"},"content":{"rendered":"<h1>Adrien-Marie Legendre<\/h1>\r\n<p>(1752 &#8211; 1833)<\/p>\r\n\r\n<p>The life of Adrien-Marie Legendre was quiet and conventional, and devoted almost exclusively to mathematics. He delayed marriage until he was over forty years of age, and even then, his nineteen-year-old bride\u2019s chief attribute appears to have been her ability to create a tranquil atmosphere in which he could study. Given his tireless devotion to his work, it is not surprising that Legendre was a major contributor to nineteenth-century mathematics.<\/p>\r\n\r\n<p>Legendre was born in Paris, France on September 18, 1752. His father was wealthy, and well able to provide his promising son with an education of the highest caliber. Accordingly, Legendre was educated at the Coll\u00e8ge Mazarin in Paris; there, he was the beneficiary of an unusually rigorous curriculum, particularly in the disciplines of science and mathematics.<\/p>\r\n\r\n<p>Though Legendre procured a post as professor of mathematics at the \u00c9cole Militaire in Paris, the focus of his interest was research, not teaching. In 1782, he was awarded a prize by the Berlin Academy for his paper on the mathematics of exterior ballistics. This achievement was rapidly followed by a succession of notable papers on various topics in mathematics and science. These attracted the attention of the Acad\u00e9mie des Sciences, and in March 1783, he was elected to membership.<\/p>\r\n\r\n<p>Legendre\u2019s reputation grew steadily with every passing year, as he continued his research in mathematics and celestial mechanics. Not until 1793 did Legendre suffer a setback in his steady rise to prominence. In that year, the political turmoil of post-revolutionary France led to the loss of his fortune, and he found himself assigned to a series of dreary quasi-scientific posts.<\/p>\r\n\r\n<p>Even in adversity, Legendre continued to produce mathematical works of exceptional quality and influence. He wrote several comprehensive mathematics textbooks that were widely used for many years. His <em>\u00c9lements de g\u00e9om\u00e9trie<\/em>, first published in 1794, was especially successful; twenty editions appeared in France alone before Legendre\u2019s death, and an English translation was required reading at Harvard and Yale through the 1890s. In addition to these accomplishments, Legendre was an important contributor to the development of number theory, elliptic functions, integrals, and geodesy.<\/p>\r\n\r\n<p>Despite these achievements, Legendre spent his final years in poverty. He was deprived of the pension customarily granted to men of genius, when he refused to support the French government\u2019s suppression of the country\u2019s universities. He died in Paris on January 9, 1833, following a long and painful illness.<\/p>\r\n\r\n<h3>Links<\/h3>\r\n<p>\r\n<a href=\"http:\/\/www-history.mcs.st-andrews.ac.uk\/Biographies\/Legendre.html\" target=\"_blank\">http:\/\/www-history.mcs.st-andrews.ac.uk\/Biographies\/Legendre.html<\/a>\r\n<br\/>\r\n<a href=\"http:\/\/apprendre-math.info\/anglais\/historyDetail.htm?id=Legendre\" target=\"_blank\">http:\/\/apprendre-math.info\/anglais\/historyDetail.htm?id=Legendre<\/a>\r\n<\/p>\r\n\r\n<h3>References<\/h3>\r\n<ul>\r\n<li>Burton, David M. <em>The History of Mathematics<\/em>. 2d ed. Dubuque, IA: Wm. C. Brown Publishers, 1988.<\/li>\r\n<li>Eves, Howard. <em>An Introduction to the History of Mathematics<\/em>. 6th ed. Fort Worth: Saunders College Publishing, 1992.<\/li>\r\n<li>Gillispie, Charles Coulston, ed. <em>Dictionary of Scientific Biography<\/em>. Vol. VIII. New York: Charles Scribner\u2019s Sons, 1973.<\/li>\r\n<li>Smith, D. E. <em>History of Mathematics<\/em>. Vol. I. 1923. Reprint. New York: Dover Publications, Inc., 1958.<\/li>\r\n<li>Struik, Dirk J. <em>A Concise History of Mathematics<\/em>. New York: Dover Publications, Inc., 1987.<\/li>\r\n<\/ul>\r\n","protected":false},"excerpt":{"rendered":"Adrien-Marie Legendre (1752 &#8211; 1833) The life of Adrien-Marie Legendre was quiet and conventional, and devoted almost exclusively to mathematics. He delayed marriage until he was over forty years of age, and even then, his nineteen-year-old bride\u2019s chief attribute appears &hellip; <a href=\"https:\/\/www.larsoncalculus.com\/calc10\/content\/biographies\/legendre-adrien-marie\/\">Continue reading <span class=\"meta-nav\">&rarr;<\/span><\/a>","protected":false},"author":2,"featured_media":0,"parent":70,"menu_order":29,"comment_status":"closed","ping_status":"closed","template":"","meta":{"_acf_changed":false,"footnotes":""},"class_list":["post-2858","page","type-page","status-publish","hentry"],"acf":[],"_links":{"self":[{"href":"https:\/\/www.larsoncalculus.com\/calc10\/wp-json\/wp\/v2\/pages\/2858","targetHints":{"allow":["GET"]}}],"collection":[{"href":"https:\/\/www.larsoncalculus.com\/calc10\/wp-json\/wp\/v2\/pages"}],"about":[{"href":"https:\/\/www.larsoncalculus.com\/calc10\/wp-json\/wp\/v2\/types\/page"}],"author":[{"embeddable":true,"href":"https:\/\/www.larsoncalculus.com\/calc10\/wp-json\/wp\/v2\/users\/2"}],"replies":[{"embeddable":true,"href":"https:\/\/www.larsoncalculus.com\/calc10\/wp-json\/wp\/v2\/comments?post=2858"}],"version-history":[{"count":2,"href":"https:\/\/www.larsoncalculus.com\/calc10\/wp-json\/wp\/v2\/pages\/2858\/revisions"}],"predecessor-version":[{"id":2905,"href":"https:\/\/www.larsoncalculus.com\/calc10\/wp-json\/wp\/v2\/pages\/2858\/revisions\/2905"}],"up":[{"embeddable":true,"href":"https:\/\/www.larsoncalculus.com\/calc10\/wp-json\/wp\/v2\/pages\/70"}],"wp:attachment":[{"href":"https:\/\/www.larsoncalculus.com\/calc10\/wp-json\/wp\/v2\/media?parent=2858"}],"curies":[{"name":"wp","href":"https:\/\/api.w.org\/{rel}","templated":true}]}}